{"id":1181,"date":"2012-09-27T12:12:14","date_gmt":"2012-09-27T10:12:14","guid":{"rendered":"http:\/\/hnonuernberg.org\/praxis-foedra\/?page_id=1181"},"modified":"2012-10-01T13:44:48","modified_gmt":"2012-10-01T11:44:48","slug":"leistungsspektrum","status":"publish","type":"page","link":"https:\/\/hnonuernberg.org\/praxis-foedra\/leistungsspektrum\/","title":{"rendered":"LEISTUNGSSPEKTRUM"},"content":{"rendered":"<div id=\"features-tab-maya-shop-features\" class=\"features-tab-container  group\"><ul class=\"features-tab-labels\"><li class=\"features-tab-0 current-feature\">Abkl\u00e4rung von Stimm-und Sprachst\u00f6rungen sowie von<\/li><li class=\"features-tab-1 \">Beleg\u00e4rztliche Operationen<\/li><li class=\"features-tab-2 \">Abkl\u00e4rung von Nasen- und Nebenh\u00f6hlenerkrankungen<\/li><li class=\"features-tab-3 \">Naturheilkundliche Therapien<\/li><li class=\"features-tab-4 \">\u00c4sthetische Behandlungsmethoden<\/li><li class=\"features-tab-5 \">Abkl\u00e4rung von Schnarchen<\/li><li class=\"features-tab-6 \">Abkl\u00e4rung von Tumorerkrankungen im HNO-Bereich<\/li><li class=\"features-tab-7 \">Behandlungen in der Praxis<\/li><li class=\"features-tab-8 \">Abkl\u00e4rung des H\u00f6rverm\u00f6gens und Tinnitusdiagnostik<\/li><li class=\"features-tab-9 \">Abkl\u00e4rung des Gleichgewichts bei Schwindel<\/li><li class=\"features-tab-10 \">Abkl\u00e4rung der kindlichen Sprachentwicklung<\/li><\/ul><div class=\"features-tab-wrapper\"><div class=\"features-tab-content features-tab-0 current-feature\"><img loading=\"lazy\" decoding=\"async\" class=\"alignnone size-full wp-image-1271\" title=\"phoniatrie\" src=\"http:\/\/hnonuernberg.org\/praxis-foedra\/wp-content\/uploads\/2012\/09\/phoniatrie.jpg\" alt=\"\" width=\"650\" height=\"280\" srcset=\"https:\/\/hnonuernberg.org\/praxis-foedra\/wp-content\/uploads\/2012\/09\/phoniatrie.jpg 650w, https:\/\/hnonuernberg.org\/praxis-foedra\/wp-content\/uploads\/2012\/09\/phoniatrie-300x129.jpg 300w, https:\/\/hnonuernberg.org\/praxis-foedra\/wp-content\/uploads\/2012\/09\/phoniatrie-450x193.jpg 450w\" sizes=\"(max-width: 650px) 100vw, 650px\" \/><\/p>\n<ul>\n<li>Endoskopie<\/li>\n<li>Flexible Rhinopharyngo\u00f6sophagoskopie<\/li>\n<li>Stroboskopie der Stimmlippen (Videodokumentation)<\/li>\n<li>Stimmuntersuchung<\/li>\n<li>Stimmfeldmessung<\/li>\n<li>Frequenzanalyse<\/li>\n<li>Berufliche Eignungstest f\u00fcr Logop\u00e4die-und Schauspielschule<\/li>\n<\/ul>\n<\/div>\n<div class=\"features-tab-content features-tab-1 \">Die station\u00e4ren Operationen f\u00fchre ich im:<\/p>\n<p>Krankenhaus Martha Maria<\/p>\n<p>Stadenstr. 58 (Tel.: 0911-959 0)<\/p>\n<p>durch.<\/p>\n<p>Die Anmeldung erfolgt in unserer Praxis.<\/p>\n<p>Folgende Operationen k\u00f6nnen station\u00e4r durchgef\u00fchrt werden:<\/p>\n<ul>\n<li>Tonsillektomie (Mandelentfernung)<\/li>\n<li>Nasenscheidewandkorrekturen<\/li>\n<li>Nasenmuschelk\u00fcrzungen<\/li>\n<li>Endoskopische Nasennebenh\u00f6hlenengriffe<\/li>\n<li>(minimal-invasive Chirurgie nach Prof. Wigand und Prof. Stammberger)<\/li>\n<li>Schnarchoperationen (Uvulopalatopharyngoplastik)<\/li>\n<li>Entfernung von Speichelsteinen und Speicheldr\u00fcsen<\/li>\n<li>Abszess-Spaltungen<\/li>\n<li>Kehlkopfoperationen (z.B. Tumorentfernungen, Gewebeprobeentnahmen)<\/li>\n<li>Entfernung von Halsgeschw\u00fclsten (Lymphknoten, Fettgeschw\u00fclste etc\u2026)<\/li>\n<\/ul>\n<\/div>\n<div class=\"features-tab-content features-tab-2 \"><img loading=\"lazy\" decoding=\"async\" class=\"alignnone size-full wp-image-1270\" title=\"hno_diagnostik\" src=\"http:\/\/hnonuernberg.org\/praxis-foedra\/wp-content\/uploads\/2012\/09\/hno_diagnostik1.jpg\" alt=\"\" width=\"650\" height=\"280\" srcset=\"https:\/\/hnonuernberg.org\/praxis-foedra\/wp-content\/uploads\/2012\/09\/hno_diagnostik1.jpg 650w, https:\/\/hnonuernberg.org\/praxis-foedra\/wp-content\/uploads\/2012\/09\/hno_diagnostik1-300x129.jpg 300w, https:\/\/hnonuernberg.org\/praxis-foedra\/wp-content\/uploads\/2012\/09\/hno_diagnostik1-450x193.jpg 450w\" sizes=\"(max-width: 650px) 100vw, 650px\" \/><\/p>\n<ul>\n<li>Endoskopie (auch Videodokumentation)<\/li>\n<li>Ultraschall<\/li>\n<li>Allergietestung<\/li>\n<li>Riechpr\u00fcfung<\/li>\n<li>Nasenatmungsmessung<\/li>\n<li>Abkl\u00e4rung auf Salicyls\u00e4ureintoleranz<\/li>\n<li>Keimbestimmung aus der Nase<\/li>\n<\/ul>\n<\/div>\n<div class=\"features-tab-content features-tab-3 \">\n<ul>\n<li>Eigenbluttherapie<\/li>\n<li>Akupunktur (K\u00f6rperakupunktur, Ohrakupunktur)<\/li>\n<li>Moxatherapie<\/li>\n<li>Neuraltherapie<\/li>\n<li>Orthomolekulartherapie<\/li>\n<li>Hom\u00f6opathische Therapie (Konstitutionshom\u00f6opathie, Komplexhom\u00f6opathie)<\/li>\n<li>Phytotherapie<\/li>\n<\/ul>\n<\/div>\n<div class=\"features-tab-content features-tab-4 \">\n<ul>\n<li>Entfernungen von gutartigen Hautver\u00e4nderungen<\/li>\n<li>Faltentherapie mit Botulinum, Hyalurons\u00e4ure<\/li>\n<li>Laser-Enthaarung<\/li>\n<li>Plasmalifting<\/li>\n<\/ul>\n<\/div>\n<div class=\"features-tab-content features-tab-5 \">\n<ul>\n<li>Endoskopie der Nase und des Rachens<\/li>\n<li>Nasenatmungsmessung<\/li>\n<li>Ultraschall<\/li>\n<li>Flexible Rhinopharyngoskopie<\/li>\n<\/ul>\n<\/div>\n<div class=\"features-tab-content features-tab-6 \">\n<ul>\n<li>Endoskopie (auch mit Videodokumentation)<\/li>\n<li>Ultraschall<\/li>\n<li>Gewebeprobeentnahme<\/li>\n<li>Kehlkopfvorsorge bei Rauchern<\/li>\n<\/ul>\n<\/div>\n<div class=\"features-tab-content features-tab-7 \">\n<ul>\n<li>Allergiebehandlungen (Desensibilisierungen)<\/li>\n<li>Akutbehandlungen bei Entz\u00fcndungen im HNO-Bereich<\/li>\n<li>Wundbehandlungen nach Operationen<\/li>\n<li>Schwindeltherapien<\/li>\n<li>Tinnitus-Retraining Therapie<\/li>\n<li>H\u00f6rger\u00e4teversorgung (sog. Verk\u00fcrzter Versorgungsweg)<\/li>\n<li>Behandlung chronischer und akuter Ohrerkrankungen<\/li>\n<li>Behandlung akuter und chronischer Nebenh\u00f6hlenerkrankungen<\/li>\n<\/ul>\n<\/div>\n<div class=\"features-tab-content features-tab-8 \"><img loading=\"lazy\" decoding=\"async\" class=\"alignnone size-full wp-image-1237\" title=\"paedaudiologie\" src=\"http:\/\/hnonuernberg.org\/praxis-foedra\/wp-content\/uploads\/2012\/09\/paedaudiologie.jpg\" alt=\"\" width=\"650\" height=\"280\" srcset=\"https:\/\/hnonuernberg.org\/praxis-foedra\/wp-content\/uploads\/2012\/09\/paedaudiologie.jpg 650w, https:\/\/hnonuernberg.org\/praxis-foedra\/wp-content\/uploads\/2012\/09\/paedaudiologie-300x129.jpg 300w, https:\/\/hnonuernberg.org\/praxis-foedra\/wp-content\/uploads\/2012\/09\/paedaudiologie-450x193.jpg 450w\" sizes=\"(max-width: 650px) 100vw, 650px\" \/><\/p>\n<ul>\n<li>Tonschwellenaudiometrie<\/li>\n<li>Sprachaudiometrie<\/li>\n<li>\u00dcberschwellige Audiometrie<\/li>\n<li>Tinnitusbestimmung<\/li>\n<li>Impedanzmessung<\/li>\n<li>Kindgerechte H\u00f6rpr\u00fcfungen (\u201ePilotentest\u201c)<\/li>\n<li>Dichotischer Sprachtest nach Uttenweiler zur Abkl\u00e4rung auditiver Wahrnehmungsst\u00f6rung<\/li>\n<li>Otoakustische Emissionen (Neugeborenen-H\u00f6rscreening, Kleinkinder)<\/li>\n<li>Hirnstammaudiometrie<\/li>\n<li>Gutachterliche Beurteilung von L\u00e4rmschwerh\u00f6rigkeit<\/li>\n<li>Tauchtauglichkeitsuntersuchungen<\/li>\n<\/ul>\n<p>&nbsp;<\/p><\/div>\n<div class=\"features-tab-content features-tab-9 \"><img loading=\"lazy\" decoding=\"async\" class=\"alignnone size-full wp-image-1273\" title=\"avws\" src=\"http:\/\/hnonuernberg.org\/praxis-foedra\/wp-content\/uploads\/2012\/09\/avws1.jpg\" alt=\"\" width=\"650\" height=\"280\" srcset=\"https:\/\/hnonuernberg.org\/praxis-foedra\/wp-content\/uploads\/2012\/09\/avws1.jpg 650w, https:\/\/hnonuernberg.org\/praxis-foedra\/wp-content\/uploads\/2012\/09\/avws1-300x129.jpg 300w, https:\/\/hnonuernberg.org\/praxis-foedra\/wp-content\/uploads\/2012\/09\/avws1-450x193.jpg 450w\" sizes=\"(max-width: 650px) 100vw, 650px\" \/><\/p>\n<ul>\n<li>Computergest\u00fctzte Videonystagmographie<\/li>\n<li>Kalorische Pr\u00fcfung der Labyrinthe<\/li>\n<li>Pr\u00fcfung der vestibulospinalen Reflexe<\/li>\n<li>Lagerungspr\u00fcfung<\/li>\n<\/ul>\n<\/div>\n<div class=\"features-tab-content features-tab-10 \"><img loading=\"lazy\" decoding=\"async\" class=\"alignnone size-full wp-image-1272\" title=\"sprachentwicklung\" src=\"http:\/\/hnonuernberg.org\/praxis-foedra\/wp-content\/uploads\/2012\/09\/sprachentwicklung1.jpg\" alt=\"\" width=\"650\" height=\"280\" srcset=\"https:\/\/hnonuernberg.org\/praxis-foedra\/wp-content\/uploads\/2012\/09\/sprachentwicklung1.jpg 650w, https:\/\/hnonuernberg.org\/praxis-foedra\/wp-content\/uploads\/2012\/09\/sprachentwicklung1-300x129.jpg 300w, https:\/\/hnonuernberg.org\/praxis-foedra\/wp-content\/uploads\/2012\/09\/sprachentwicklung1-450x193.jpg 450w\" sizes=\"(max-width: 650px) 100vw, 650px\" \/><\/p>\n<ul>\n<li>Endoskopie<\/li>\n<li>Kindgerechte Audiometrie<\/li>\n<li>Sprachentwicklungstest<\/li>\n<\/ul>\n<p>&nbsp;<\/p><\/div>\n<\/div><\/div>\n","protected":false},"excerpt":{"rendered":"","protected":false},"author":1,"featured_media":0,"parent":0,"menu_order":0,"comment_status":"closed","ping_status":"open","template":"","meta":{"footnotes":""},"_links":{"self":[{"href":"https:\/\/hnonuernberg.org\/praxis-foedra\/wp-json\/wp\/v2\/pages\/1181"}],"collection":[{"href":"https:\/\/hnonuernberg.org\/praxis-foedra\/wp-json\/wp\/v2\/pages"}],"about":[{"href":"https:\/\/hnonuernberg.org\/praxis-foedra\/wp-json\/wp\/v2\/types\/page"}],"author":[{"embeddable":true,"href":"https:\/\/hnonuernberg.org\/praxis-foedra\/wp-json\/wp\/v2\/users\/1"}],"replies":[{"embeddable":true,"href":"https:\/\/hnonuernberg.org\/praxis-foedra\/wp-json\/wp\/v2\/comments?post=1181"}],"version-history":[{"count":1,"href":"https:\/\/hnonuernberg.org\/praxis-foedra\/wp-json\/wp\/v2\/pages\/1181\/revisions"}],"predecessor-version":[{"id":1266,"href":"https:\/\/hnonuernberg.org\/praxis-foedra\/wp-json\/wp\/v2\/pages\/1181\/revisions\/1266"}],"wp:attachment":[{"href":"https:\/\/hnonuernberg.org\/praxis-foedra\/wp-json\/wp\/v2\/media?parent=1181"}],"curies":[{"name":"wp","href":"https:\/\/api.w.org\/{rel}","templated":true}]}}