{"id":1278,"date":"2012-10-08T14:55:13","date_gmt":"2012-10-08T12:55:13","guid":{"rendered":"http:\/\/hnonuernberg.org\/praxis-foedra\/?page_id=1278"},"modified":"2012-11-09T13:28:03","modified_gmt":"2012-11-09T11:28:03","slug":"uber-uns","status":"publish","type":"page","link":"https:\/\/hnonuernberg.org\/praxis-foedra\/uber-uns\/","title":{"rendered":"\u00dcBER UNS"},"content":{"rendered":"<h1>Dr. med. Corinna F\u00f6dra<\/h1>\n<p><img loading=\"lazy\" decoding=\"async\" class=\"size-full wp-image-1285 alignnone\" title=\"corrina_foedra\" src=\"http:\/\/hnonuernberg.org\/praxis-foedra\/wp-content\/uploads\/2012\/10\/corrina_foedra1.jpg\" alt=\"\" width=\"196\" height=\"250\" \/><\/p>\n<h1>Lebenslauf<\/h1>\n<div class=\"sc-box success-box\">\n<ul>\n<li>1962\u00a0\u00a0\u00a0\u00a0\u00a0\u00a0\u00a0\u00a0\u00a0\u00a0\u00a0\u00a0\u00a0\u00a0\u00a0\u00a0\u00a0\u00a0 geboren in Berlin-Zehlendorf<\/li>\n<li>1981\u00a0\u00a0\u00a0\u00a0\u00a0\u00a0\u00a0\u00a0\u00a0\u00a0\u00a0\u00a0\u00a0\u00a0\u00a0\u00a0\u00a0\u00a0 Abitur an der Maria-Ward-Schule N\u00fcrnberg<\/li>\n<li>1981-1983\u00a0\u00a0\u00a0\u00a0\u00a0\u00a0\u00a0 Studium der Altphilologie, Germanistik und Geschichte an der Universit\u00e4t Erlangen<\/li>\n<li>1983-1990\u00a0\u00a0\u00a0\u00a0\u00a0\u00a0\u00a0 Studium der Humanmedizin an der Universit\u00e4t Erlangen. In dieser Zeit mehrere Jahre Wissenschaftliche Hilfskraft am Institut f\u00fcr Anatomie<\/li>\n<li>1990-1991 \u00a0 \u00a0 \u00a0\u00a0 Promotion und Approbation<\/li>\n<li>1990-1995\u00a0\u00a0\u00a0\u00a0\u00a0\u00a0\u00a0 Assistenz\u00e4rztin an der HNO-Universit\u00e4tsklinik Erlangen unter Prof. Dr. M.E. Wigand<\/li>\n<li>1995\u00a0\u00a0\u00a0\u00a0\u00a0\u00a0\u00a0\u00a0\u00a0\u00a0\u00a0\u00a0\u00a0\u00a0\u00a0\u00a0\u00a0\u00a0 Fach\u00e4rztin f\u00fcr HNO-Heilkunde<\/li>\n<li>1995-1996\u00a0\u00a0\u00a0\u00a0\u00a0\u00a0\u00a0 Funktionsober\u00e4rztin an der Euromed-Clinic F\u00fcrth unter Prof. Dr. T. Haid und Priv. Doz. Dr. D. H\u00f6hmann<\/li>\n<li>Seit 1997\u00a0\u00a0\u00a0\u00a0\u00a0\u00a0\u00a0\u00a0\u00a0\u00a0 Niedergelassene HNO-\u00c4rztin in N\u00fcrnberg (1997-2002 zusammen mit Dr. U. G\u00f6de, 2002-2007 im HNO-Zentrum am Lorenzer Platz 10)<\/li>\n<li>Seit 2008\u00a0\u00a0\u00a0\u00a0\u00a0\u00a0\u00a0\u00a0\u00a0 Verlegung des Praxissitzes in die Emilienstr. 4<\/li>\n<li>Seit 2012 \u00a0 \u00a0 \u00a0 \u00a0 \u00a0Praxisgemeinschaft mit Frau Dr. Lynda G\u00fcnthner &#8211; seit 01.07.2012<\/li>\n<\/ul>\n<\/div>\n<p>&nbsp;<\/p>\n<h1>Erworbene Zusatzbezeichnungen<\/h1>\n<ul>\n<ul><div class=\"sc-box success-box\">\n<li>Stimm-und Sprachst\u00f6rungen<\/li>\n<li>(an der Klinik f\u00fcr Phoniatrie und P\u00e4daudiologie der Universit\u00e4t Erlangen)<\/li>\n<li>Naturheilverfahren (Kneipp-\u00c4rztebund)<\/li>\n<li>Hom\u00f6opathie<\/li>\n<li>Akupunktur (D\u00c4GfA)<\/li>\n<\/ul>\n<\/ul>\n<\/div>\n<h1>Sonstige Qualifikationen<\/h1>\n<ul>\n<ul><div class=\"sc-box success-box\">\n<li>Tauch\u00e4rztin (nach GT\u00dcM)<\/li>\n<li>Tinnitus-Retrainig-Therapie nach Prof. Jastreboff<\/li>\n<li>Psychosomatische Grundversorgung<\/li>\n<li>Laser-Schutz-Beauftragte<\/li>\n<li>Arbeitsmedizinische Vorsorgeuntersuchung (L\u00e4rm)<\/li>\n<li>Schmerztherapie<\/li>\n<li>Lehrbeauftragte an der Berufsfachschule f\u00fcr Logop\u00e4die in F\u00fcrth<\/li>\n<\/ul>\n<\/ul>\n<\/div>\n<p>&nbsp;<\/p>\n","protected":false},"excerpt":{"rendered":"<p>Dr. med. Corinna F\u00f6dra Lebenslauf &nbsp; Erworbene Zusatzbezeichnungen Sonstige Qualifikationen &nbsp;<\/p>\n","protected":false},"author":1,"featured_media":0,"parent":0,"menu_order":0,"comment_status":"closed","ping_status":"open","template":"","meta":{"footnotes":""},"_links":{"self":[{"href":"https:\/\/hnonuernberg.org\/praxis-foedra\/wp-json\/wp\/v2\/pages\/1278"}],"collection":[{"href":"https:\/\/hnonuernberg.org\/praxis-foedra\/wp-json\/wp\/v2\/pages"}],"about":[{"href":"https:\/\/hnonuernberg.org\/praxis-foedra\/wp-json\/wp\/v2\/types\/page"}],"author":[{"embeddable":true,"href":"https:\/\/hnonuernberg.org\/praxis-foedra\/wp-json\/wp\/v2\/users\/1"}],"replies":[{"embeddable":true,"href":"https:\/\/hnonuernberg.org\/praxis-foedra\/wp-json\/wp\/v2\/comments?post=1278"}],"version-history":[{"count":28,"href":"https:\/\/hnonuernberg.org\/praxis-foedra\/wp-json\/wp\/v2\/pages\/1278\/revisions"}],"predecessor-version":[{"id":1341,"href":"https:\/\/hnonuernberg.org\/praxis-foedra\/wp-json\/wp\/v2\/pages\/1278\/revisions\/1341"}],"wp:attachment":[{"href":"https:\/\/hnonuernberg.org\/praxis-foedra\/wp-json\/wp\/v2\/media?parent=1278"}],"curies":[{"name":"wp","href":"https:\/\/api.w.org\/{rel}","templated":true}]}}