{"id":743,"date":"2012-04-15T12:37:34","date_gmt":"2012-04-15T12:37:34","guid":{"rendered":"http:\/\/yourinspirationweb.com\/demo\/maya\/?page_id=743"},"modified":"2012-10-24T13:00:00","modified_gmt":"2012-10-24T11:00:00","slug":"home-vi-corporate-no-shop","status":"publish","type":"page","link":"https:\/\/hnonuernberg.org\/praxis-foedra\/","title":{"rendered":"HOME"},"content":{"rendered":"<div class=\"border-line\"><\/div>\n<p>Sehr geehrte Patientin, sehr geehrter Patient,<\/p>\n<p>herzlich willkommen bei Ihrer Facharztpraxis Dr. Corinna F\u00f6dra f\u00fcr HNO, Stimm- und Sprachst\u00f6rungen und Naturheilverfahren in N\u00fcrnberg. Wir m\u00f6chten uns auf diesem Wege bei Ihnen vorstellen. Hier k\u00f6nnen Sie sich ein erstes Bild von unserem Team und unseren R\u00e4umen machen oder sich einen \u00dcberblick \u00fcber unsere Motivation und unsere Leistungen verschaffen:<\/p>\n<div class=\"border-line\"><\/div><div class=\"sc-box success-box\">\n<ul>\n<li><a href=\"http:\/\/hnonuernberg.org\/praxis-foedra\/leistungsspektrum\/\">Stimm- und Sprachst\u00f6rungen<\/a><\/li>\n<li>Naturheilverfahren<\/li>\n<li>Hom\u00f6opathie<\/li>\n<li>Akupunktur<\/li>\n<li><a href=\"http:\/\/hnonuernberg.org\/praxis-foedra\/leistungsspektrum\/\">Ambulantes und beleg\u00e4rztliches Operieren<\/a><\/li>\n<li>Allergiebehandlungen<\/li>\n<li>Schwindeltherapien<\/li>\n<li>Tinnitus-Retraining Therapie<\/li>\n<li><a href=\"http:\/\/hnonuernberg.org\/praxis-foedra\/leistungsspektrum\/\">Kindgerechte Audiometrie<\/a><\/li>\n<li>Sprachentwicklungstest<\/li>\n<li>Stimmuntersuchung<\/li>\n<li><a href=\"http:\/\/hnonuernberg.org\/praxis-foedra\/leistungsspektrum\/\">Abkl\u00e4rung von Nasen- und Nebenh\u00f6hlenerkrankungen<\/a><\/li>\n<li>Abkl\u00e4rung von Schnarchen<\/li>\n<li>Abkl\u00e4rung von Tumorerkrankungen im HNO-Bereich<\/li>\n<li>Abkl\u00e4rung des H\u00f6rverm\u00f6gens und Tinnitusdiagnostik<\/li>\n<li><a href=\"http:\/\/hnonuernberg.org\/praxis-foedra\/leistungsspektrum\/\">Eigenbluttherapie<\/a><\/li>\n<li>Phytotherapie<\/li>\n<li>Faltentherapie mit Botulinumtoxin und Hyalurons\u00e4ure<\/div><\/li>\n<\/ul>\n<p>Neben der kompletten HNO-Versorgung gilt insbesondere der HNO-Kinderheilkunde unsere ungeteilte Aufmerksamkeit. Unser Spezialgebiet sind unter anderem die Diagnose und Therapie kindlicher H\u00f6rst\u00f6rungen, Sprachentwicklungsst\u00f6rungen, auditiver Verarbeitungs- und Wahrnehmungsst\u00f6rungen, Sprachst\u00f6rungen wie Stottern oder Poltern.<\/p>\n<p>Wir nehmen uns <strong>Zeit f\u00fcr Sie<\/strong> und freuen uns auf Ihren Besuch &#8230;<\/p>\n","protected":false},"excerpt":{"rendered":"<p>Sehr geehrte Patientin, sehr geehrter Patient, herzlich willkommen bei Ihrer Facharztpraxis Dr. Corinna F\u00f6dra f\u00fcr HNO, Stimm- und Sprachst\u00f6rungen und Naturheilverfahren in N\u00fcrnberg. Wir m\u00f6chten uns auf diesem Wege bei Ihnen vorstellen. Hier k\u00f6nnen Sie sich ein erstes Bild von unserem Team und unseren R\u00e4umen machen oder sich einen \u00dcberblick \u00fcber unsere Motivation und unsere [&hellip;]<\/p>\n","protected":false},"author":1,"featured_media":0,"parent":0,"menu_order":0,"comment_status":"closed","ping_status":"open","template":"home.php","meta":{"footnotes":""},"_links":{"self":[{"href":"https:\/\/hnonuernberg.org\/praxis-foedra\/wp-json\/wp\/v2\/pages\/743"}],"collection":[{"href":"https:\/\/hnonuernberg.org\/praxis-foedra\/wp-json\/wp\/v2\/pages"}],"about":[{"href":"https:\/\/hnonuernberg.org\/praxis-foedra\/wp-json\/wp\/v2\/types\/page"}],"author":[{"embeddable":true,"href":"https:\/\/hnonuernberg.org\/praxis-foedra\/wp-json\/wp\/v2\/users\/1"}],"replies":[{"embeddable":true,"href":"https:\/\/hnonuernberg.org\/praxis-foedra\/wp-json\/wp\/v2\/comments?post=743"}],"version-history":[{"count":10,"href":"https:\/\/hnonuernberg.org\/praxis-foedra\/wp-json\/wp\/v2\/pages\/743\/revisions"}],"predecessor-version":[{"id":1417,"href":"https:\/\/hnonuernberg.org\/praxis-foedra\/wp-json\/wp\/v2\/pages\/743\/revisions\/1417"}],"wp:attachment":[{"href":"https:\/\/hnonuernberg.org\/praxis-foedra\/wp-json\/wp\/v2\/media?parent=743"}],"curies":[{"name":"wp","href":"https:\/\/api.w.org\/{rel}","templated":true}]}}